{"id":1577,"date":"2015-03-09T10:34:11","date_gmt":"2015-03-09T10:34:11","guid":{"rendered":"https:\/\/englischeuebersetzungen.de\/?page_id=1577"},"modified":"2019-07-23T16:20:24","modified_gmt":"2019-07-23T15:20:24","slug":"home-german","status":"publish","type":"page","link":"https:\/\/englischeuebersetzungen.de\/","title":{"rendered":"Home_de"},"content":{"rendered":"<div id=\"pl-1577\"  class=\"panel-layout\" ><div id=\"pg-1577-0\"  class=\"panel-grid panel-has-style\" ><div class=\"siteorigin-panels-stretch panel-row-style panel-row-style-for-1577-0\" style=\"border-bottom: 1px solid #e0e0e0;padding: 10px 0; \" data-stretch-type=\"full\" data-overlay-color=\"#000000\" ><div id=\"pgc-1577-0-0\"  class=\"panel-grid-cell\" ><div id=\"panel-1577-0-0-0\" class=\"so-panel widget widget_sydney_services_type_a sydney_services_widget panel-first-child panel-last-child\" data-index=\"0\" ><div style=\"text-align: left;\" data-title-color=\"#443f3f\" data-headings-color=\"#443f3f\" class=\"panel-widget-style panel-widget-style-for-1577-0-0-0\" >\t\t\t<h3 class=\"widget-title\">Leistungen<\/h3>\r\n\t\t\t\t\t\t\t\t\t\t\t\t\t\t\t\t\t\t\t\t\t\t\t\t\t\t\t\t\t<div class=\"service col-md-4\">\r\n\t\t\t\t\t\t\t\t\t\t\t\t\t<div class=\"roll-icon-box\">\r\n\t\t\t\t\t\t\t\t\t\t\t\r\n\t\t\t\t\t\t\t\t\t<div class=\"icon\">\r\n\t\t\t\t\t\t\t\t\t\t\t\t\t\t\t\t\t\t\t\t\t<i class=\"fa fa-microphone\"><\/i>\t\t\t\t\t\t\t\t\t\t\t\t\t\t\t\t\t\t\t<\/div>\r\n\t\t\t\t\t\t\t\t\t\t\t\t\t\t\t\t<div class=\"content\">\r\n\t\t\t\t\t\t\t\t\t<h3>\r\n\t\t\t\t\t\t\t\t\t\t\t\t\t\t\t\t\t\t\t\t\tTranskriptionen\t\t\t\t\t\t\t\t\t\t\t\t\t\t\t\t\t\t\t<\/h3>\r\n\t\t\t\t\t\t\t\t\t\t\t\t\t\t\t\t\t\t\t<p>Sie ben\u00f6tigen jemand, der alle Audiodateien oder Interviews schnell und effektiv transkribieren kann.<\/p>\n\t\t\t\t\t\t\t\t\t\t\t\t\t\t\t\t\t<\/div><!--.info-->\t\r\n\t\t\t\t\t\t\t<\/div>\r\n\t\t\t\t\t\t<\/div>\r\n\t\t\t\t\t\t\t\t\t\t\t\t\t\t\t\t\t\t\t\t\t\t\t\t\t\t\t\t\t<div class=\"service col-md-4\">\r\n\t\t\t\t\t\t\t\t\t\t\t\t\t<div class=\"roll-icon-box\">\r\n\t\t\t\t\t\t\t\t\t\t\t\r\n\t\t\t\t\t\t\t\t\t<div class=\"icon\">\r\n\t\t\t\t\t\t\t\t\t\t\t\t\t\t\t\t\t\t\t\t\t<i class=\"fa fa-check-square-o\"><\/i>\t\t\t\t\t\t\t\t\t\t\t\t\t\t\t\t\t\t\t<\/div>\r\n\t\t\t\t\t\t\t\t\t\t\t\t\t\t\t\t<div class=\"content\">\r\n\t\t\t\t\t\t\t\t\t<h3>\r\n\t\t\t\t\t\t\t\t\t\t\t\t\t\t\t\t\t\t\t\t\tKorrekturlesen und Editieren\t\t\t\t\t\t\t\t\t\t\t\t\t\t\t\t\t\t\t<\/h3>\r\n\t\t\t\t\t\t\t\t\t\t\t\t\t\t\t\t\t\t\t<p>Sie m\u00f6chten einen Korrekturleser, der sehr auf Details achtet und jeden englischen Text Korrekturlesen, editieren und bei allen kleinen oder gro\u00dfen \u00c4nderungen helfen kann.<\/p>\n\t\t\t\t\t\t\t\t\t\t\t\t\t\t\t\t\t<\/div><!--.info-->\t\r\n\t\t\t\t\t\t\t<\/div>\r\n\t\t\t\t\t\t<\/div>\r\n\t\t\t\t\t\t\t\t\t\t\t\t\t\t\t\t\t\t\t\t\t\t\t\t\t\t\t\t\t<div class=\"service col-md-4\">\r\n\t\t\t\t\t\t\t\t\t\t\t\t\t<div class=\"roll-icon-box\">\r\n\t\t\t\t\t\t\t\t\t\t\t\r\n\t\t\t\t\t\t\t\t\t<div class=\"icon\">\r\n\t\t\t\t\t\t\t\t\t\t\t\t\t\t\t\t\t\t\t\t\t<i class=\"fa fa-comments-o\"><\/i>\t\t\t\t\t\t\t\t\t\t\t\t\t\t\t\t\t\t\t<\/div>\r\n\t\t\t\t\t\t\t\t\t\t\t\t\t\t\t\t<div class=\"content\">\r\n\t\t\t\t\t\t\t\t\t<h3>\r\n\t\t\t\t\t\t\t\t\t\t\t\t\t\t\t\t\t\t\t\t\t\u00dcbersetzungen\t\t\t\t\t\t\t\t\t\t\t\t\t\t\t\t\t\t\t<\/h3>\r\n\t\t\t\t\t\t\t\t\t\t\t\t\t\t\t\t\t\t\t<p>Sie brauchen einen freiberuflichen \u00dcbersetzer mit viel praktischer Erfahrung im \u00dcbersetzen von deutschen Texten ins Englische. <\/p>\n\t\t\t\t\t\t\t\t\t\t\t\t\t\t\t\t\t<\/div><!--.info-->\t\r\n\t\t\t\t\t\t\t<\/div>\r\n\t\t\t\t\t\t<\/div>\r\n\t\t\t\t\t\r\n\t\t\t\t\t\t\t\t\t<a href=\"?page_id=1609&#038;lang=de\" class=\"roll-button more-button\">\r\n\t\t\t\t\t\t\t\t\t\t\t\t\tMehr erfahren\t\t\t\t\t\t\t\t\t\t\t<\/a>\r\n\t\t\t\t\t\t\t\t\r\n\t<\/div><\/div><\/div><\/div><\/div><div id=\"pg-1577-1\"  class=\"panel-grid panel-has-style\" ><div class=\"siteorigin-panels-stretch panel-row-style panel-row-style-for-1577-1\" style=\"text-align: center;padding: 20px 0; \" data-stretch-type=\"full\" data-overlay=\"true\" data-overlay-color=\"#000000\" ><div id=\"pgc-1577-1-0\"  class=\"panel-grid-cell\" ><div id=\"panel-1577-1-0-0\" class=\"so-panel widget widget_sydney_services_type_b sydney_services_b_widget panel-first-child panel-last-child\" data-index=\"1\" ><div style=\"text-align: left;\" data-title-color=\"#443f3f\" data-headings-color=\"#443f3f\" class=\"panel-widget-style panel-widget-style-for-1577-1-0-0\" >\t\t\t\r\n\t\t\t\t<div class=\"roll-icon-list\">\r\n\t\t\t\t\t\t\t\t\t\t\t\t\t\t\t\t\t\t\t\t\t\t\t<div class=\"service clearfix \">\r\n\t\t\t\t\t\t\t<div class=\"list-item clearfix\">\r\n\t\t\t\t\t\t\t\t\t\t\t\r\n\t\t\t\t\t\t\t\t\t<div class=\"icon\">\r\n\t\t\t\t\t\t\t\t\t\t\t\t\t\t\t\t\t\t\t\t\t<i class=\"fa fa-globe\"><\/i>\t\t\t\t\t\t\t\t\t\t\t\t\t\t\t\t\t\t\t<\/div>\r\n\t\t\t\t\t\t\t\t\t\t\t\t\t\t\t\t<div class=\"content\">\r\n\t\t\t\t\t\t\t\t\t<h3>\r\n\t\t\t\t\t\t\t\t\t\t\t\t\t\t\t\t\t\t\t\t\tAusgezeichnete Expertise in der englischen Sprache\t\t\t\t\t\t\t\t\t\t\t\t\t\t\t\t\t\t\t<\/h3>\r\n\t\t\t\t\t\t\t\t\t\t\t\t\t\t\t\t\t\r\n\t\t\t\t\t\t\t\t\t\t<p>Ich bin englischer Muttersprachler und lebe seit \u00fcber 15 Jahren in Deutschland. Als Englischlehrer und Schriftsteller besitze ich eine Leidenschaft f\u00fcr Sprache, ganz besonders f\u00fcr die englische Sprache.<\/p>\n\t\t\t\t\t\t\t\t\t\t\t\t\t\t\t\t\t<\/div><!--.info-->\t\r\n\t\t\t\t\t\t\t<\/div>\r\n\t\t\t\t\t\t<\/div>\r\n\t\t\t\t\t\t\t\t\t\t\t\t\t\t\t\t\t\t\t\t\t\t\t<div class=\"service clearfix \">\r\n\t\t\t\t\t\t\t<div class=\"list-item clearfix\">\r\n\t\t\t\t\t\t\t\t\t\t\t\r\n\t\t\t\t\t\t\t\t\t<div class=\"icon\">\r\n\t\t\t\t\t\t\t\t\t\t\t\t\t\t\t\t\t\t\t\t\t<i class=\"fa fa-comment-o\"><\/i>\t\t\t\t\t\t\t\t\t\t\t\t\t\t\t\t\t\t\t<\/div>\r\n\t\t\t\t\t\t\t\t\t\t\t\t\t\t\t\t<div class=\"content\">\r\n\t\t\t\t\t\t\t\t\t<h3>\r\n\t\t\t\t\t\t\t\t\t\t\t\t\t\t\t\t\t\t\t\t\tGute Kommunikation\t\t\t\t\t\t\t\t\t\t\t\t\t\t\t\t\t\t\t<\/h3>\r\n\t\t\t\t\t\t\t\t\t\t\t\t\t\t\t\t\t\r\n\t\t\t\t\t\t\t\t\t\t<p>Vor allem ist mir eine schnelle und unkomplizierte Kommunikation mit meinen Kunden wichtig, um eventuelle Fragen umgehend beantworten und Probleme l\u00f6sen zu k\u00f6nnen. Viele Jahre Erfahrung, gute Management-F\u00e4higkeiten und eine Deadline \u2013 orientierte Zeiteinteilung garantieren eine professionelle Kundenbeziehung.<\/p>\n\t\t\t\t\t\t\t\t\t\t\t\t\t\t\t\t\t<\/div><!--.info-->\t\r\n\t\t\t\t\t\t\t<\/div>\r\n\t\t\t\t\t\t<\/div>\r\n\t\t\t\t\t\t\t\t\t\t\t\t\t\t\t\t\t\t\t\t\t\t\t<div class=\"service clearfix \">\r\n\t\t\t\t\t\t\t<div class=\"list-item clearfix\">\r\n\t\t\t\t\t\t\t\t\t\t\t\r\n\t\t\t\t\t\t\t\t\t<div class=\"icon\">\r\n\t\t\t\t\t\t\t\t\t\t\t\t\t\t\t\t\t\t\t\t\t<i class=\"fa fa-clipboard list\"><\/i>\t\t\t\t\t\t\t\t\t\t\t\t\t\t\t\t\t\t\t<\/div>\r\n\t\t\t\t\t\t\t\t\t\t\t\t\t\t\t\t<div class=\"content\">\r\n\t\t\t\t\t\t\t\t\t<h3>\r\n\t\t\t\t\t\t\t\t\t\t\t\t\t\t\t\t\t\t\t\t\tProfessionelle Einstellung\t\t\t\t\t\t\t\t\t\t\t\t\t\t\t\t\t\t\t<\/h3>\r\n\t\t\t\t\t\t\t\t\t\t\t\t\t\t\t\t\t\r\n\t\t\t\t\t\t\t\t\t\t<p>Genauigkeit und Detailtreue in den Bereichen \u00dcbersetzung, Korrekturlesen oder Transkription sind sehr wichtig f\u00fcr meine Kunden. Je nach Dokument werden von mir alle Texte sorgf\u00e4ltig editiert und wenn n\u00f6tig Hintergr\u00fcnde \u00fcberpr\u00fcft. Alle Kundendokumente werden selbstverst\u00e4ndlich vertraulich behandelt.<\/p>\n\t\t\t\t\t\t\t\t\t\t\t\t\t\t\t\t\t<\/div><!--.info-->\t\r\n\t\t\t\t\t\t\t<\/div>\r\n\t\t\t\t\t\t<\/div>\r\n\t\t\t\t\t\t\t\t\t<\/div>\t\r\n\r\n\t\t\t\t\t\t\t\t\r\n\t<\/div><\/div><\/div><div id=\"pgc-1577-1-1\"  class=\"panel-grid-cell\" ><div id=\"panel-1577-1-1-0\" class=\"so-panel widget widget_sow-editor panel-first-child panel-last-child\" data-index=\"2\" ><div style=\"text-align: left;\" data-title-color=\"#443f3f\" data-headings-color=\"#443f3f\" class=\"panel-widget-style panel-widget-style-for-1577-1-1-0\" ><div class=\"so-widget-sow-editor so-widget-sow-editor-base\">\n<div class=\"siteorigin-widget-tinymce textwidget\">\n\t<p><img loading=\"lazy\" class=\"alignright size-full wp-image-531\" src=\"https:\/\/englischeuebersetzungen.de\/wp-content\/uploads\/2018\/03\/computer-3246121_1920-e1522069232194.jpg\" alt=\"\" width=\"700\" height=\"450\" \/><\/p>\n<\/div>\n<\/div><\/div><\/div><\/div><\/div><\/div><div id=\"pg-1577-2\"  class=\"panel-grid panel-has-style\" ><div class=\"siteorigin-panels-stretch panel-row-style panel-row-style-for-1577-2\" style=\"border-bottom: 1px solid #e0e0e0;padding: 40px 0; \" data-stretch-type=\"full\" data-overlay=\"true\" data-overlay-color=\"#000000\" ><div id=\"pgc-1577-2-0\"  class=\"panel-grid-cell\" ><div id=\"panel-1577-2-0-0\" class=\"so-panel widget widget_sydney_action sydney_action_widget panel-first-child panel-last-child\" data-index=\"3\" ><div style=\"text-align: center;\" data-siteorigin-parallax=\"{&quot;backgroundUrl&quot;:&quot;https:\\\/\\\/englischeuebersetzungen.de\\\/wp-content\\\/uploads\\\/2018\\\/03\\\/munich-1480740_1920.jpg&quot;,&quot;backgroundSize&quot;:[1920,568],&quot;backgroundSizing&quot;:&quot;original&quot;,&quot;limitMotion&quot;:&quot;auto&quot;}\" data-title-color=\"#000000\" data-headings-color=\"#1e73be\" class=\"panel-widget-style panel-widget-style-for-1577-2-0-0\" ><h3 class=\"widget-title\">Warum einen freiberuflichen \u00dcbersetzer benutzen?<\/h3>        <div class=\"roll-promobox aside-style\">\r\n\t\t\t<div class=\"promo-wrap\">\r\n\t\t\t\t\t\t\t\t<div class=\"promo-controls\">\r\n\t\t\t\t\t<a href=\"?page_id=1616&#038;lang=de\" class=\"roll-button border\">Mehr erfahren<\/a>\r\n\t\t\t\t<\/div>\r\n\t\t\t<\/div>\r\n        <\/div>\r\n\t<\/div><\/div><\/div><\/div><\/div><div id=\"pg-1577-3\"  class=\"panel-grid panel-has-style\" ><div class=\"siteorigin-panels-stretch panel-row-style panel-row-style-for-1577-3\" style=\"color: #ffffff;padding: 30px 0; \" data-stretch-type=\"full\" data-hascolor=\"hascolor\" data-overlay=\"true\" data-overlay-color=\"#000000\" ><div id=\"pgc-1577-3-0\"  class=\"panel-grid-cell\" ><div id=\"panel-1577-3-0-0\" class=\"so-panel widget widget_sydney_action sydney_action_widget panel-first-child panel-last-child\" data-index=\"4\" ><div style=\"text-align: left;\" data-title-color=\"#443f3f\" data-headings-color=\"#443f3f\" class=\"panel-widget-style panel-widget-style-for-1577-3-0-0\" ><h3 class=\"widget-title\">Klienten<\/h3>        <div class=\"roll-promobox \">\r\n\t\t\t<div class=\"promo-wrap\">\r\n\t\t\t\t\t\t\t\t<div class=\"promo-controls\">\r\n\t\t\t\t\t<a href=\"?page_id=1623&#038;lang=de\" class=\"roll-button border\">Mehr erfahren<\/a>\r\n\t\t\t\t<\/div>\r\n\t\t\t<\/div>\r\n        <\/div>\r\n\t<\/div><\/div><\/div><\/div><\/div><div id=\"pg-1577-4\"  class=\"panel-grid panel-has-style\" ><div class=\"siteorigin-panels-stretch panel-row-style panel-row-style-for-1577-4\" style=\"border-bottom: 1px solid #e0e0e0;padding: 100px 0; \" data-stretch-type=\"full\" data-overlay=\"true\" ><div id=\"pgc-1577-4-0\"  class=\"panel-grid-cell\" ><div id=\"panel-1577-4-0-0\" class=\"so-panel widget widget_sydney_testimonials sydney_testimonials_widget panel-first-child panel-last-child\" data-index=\"5\" ><div style=\"text-align: left;\" data-title-color=\"#443f3f\" data-headings-color=\"#443f3f\" class=\"panel-widget-style panel-widget-style-for-1577-4-0-0\" >\t\t\t<h3 class=\"widget-title\">Was meine Kunden sagen<\/h3>\t\t\t<div class=\"col-md-12\">\r\n\t\t\t\t<div class=\"roll-testimonials\" data-autoplay=\"5000\">\r\n\t\t\t\t\t\t\t\t\t\t\t                        <div class=\"customer\">\r\n                            <blockquote class=\"whisper\"><p>Ich bin sehr zufrieden mit Jon&#8217;s Arbeit, der Preisgestaltung und dem Kundenservice. Ich empfehle ihn gerne weiter. Es w\u00e4re jedoch perfekt, wenn er in beide Richtungen \u00fcbersetzen k\u00f6nnte.<\/p>\n<\/blockquote>                               \r\n                                                            \r\n                            <div class=\"name\">\r\n                            \tJulia Stier                            \t<span>TCM Kongress Rothenburg. Julia Stier, Kongressleiterin<\/span>\r\n                            <\/div>\r\n                        <\/div>\r\n\t\t\t\t\t\t\t\t\t\t\t                        <div class=\"customer\">\r\n                            <blockquote class=\"whisper\"><p>I am very satisfied with Jon&#8217;s quality of work, pricing and customer service. I would gladly recommend him to others.\u00a0It would be perfect if he could translate both ways.<\/p>\n<\/blockquote>                               \r\n                                                            \r\n                            <div class=\"name\">\r\n                            \tJulia Stier                            \t<span>TCM Kongress Rothenburg, Julia Stier, Head of congress management<\/span>\r\n                            <\/div>\r\n                        <\/div>\r\n\t\t\t\t\t\t\t\t\t\t\t                        <div class=\"customer\">\r\n                            <blockquote class=\"whisper\"><p>Jon ist der Richtige f\u00fcr jeden, der eine kompetente \u00dcbersetzung vom Deutschen ins Englische braucht. Ich kann seine fr\u00f6hliche, schnelle und professionelle Arbeit nur empfehlen.<\/p>\n<\/blockquote>                               \r\n                                                            \r\n                            <div class=\"name\">\r\n                            \tChristian Yehoash                            \t<span>TCM Kongress Rothenburg. Christian Yehoash, ehemaliger Kongressleiter<\/span>\r\n                            <\/div>\r\n                        <\/div>\r\n\t\t\t\t\t\t\t\t\t\t\t                        <div class=\"customer\">\r\n                            <blockquote class=\"whisper\"><p>I would gladly endorse Jon to anyone seeking a competent translation from German to English. I can only recommend his cheerful, quick and professional work.<\/p>\n<\/blockquote>                               \r\n                                                        <div class=\"avatar\">\r\n                                                            <\/div>\r\n                                                            \r\n                            <div class=\"name\">\r\n                            \tChristian Yehoash                            \t<span>Former Head of Congress Management at TCM Kongress Rothenburg<\/span>\r\n                            <\/div>\r\n                        <\/div>\r\n\t\t\t\t\t\t\t\t\t\t\t                        <div class=\"customer\">\r\n                            <blockquote class=\"whisper\"><p>Wir arbeiten sehr gerne mit Jon zusammen. Ich pers\u00f6nlich kann ihn als professionellen \u00dcbersetzer im B2B-Bereich nur empfehlen!<\/p>\n<\/blockquote>                               \r\n                                                        <div class=\"avatar\">\r\n                                                            <\/div>\r\n                                                            \r\n                            <div class=\"name\">\r\n                            \tSusanna Heine                            \t<span>Deputy Head of Marketing and Communications bei estos<\/span>\r\n                            <\/div>\r\n                        <\/div>\r\n\t\t\t\t\t\t\t\t\t\t\t                        <div class=\"customer\">\r\n                            <blockquote class=\"whisper\"><p>We really enjoy working with Jon. Personally, I can only recommend him as a professional translator in the B2B area.<\/p>\n<\/blockquote>                               \r\n                                                        <div class=\"avatar\">\r\n                                                            <\/div>\r\n                                                            \r\n                            <div class=\"name\">\r\n                            \tSusanna Heine                            \t<span>Deputy Head of Marketing and Communications at estos<\/span>\r\n                            <\/div>\r\n                        <\/div>\r\n\t\t\t\t\t\t\t\t\t<\/div>\r\n\t\t\t<\/div>\t\r\n\r\n\t\t\t\t\r\n\r\n\t<\/div><\/div><\/div><\/div><\/div><div id=\"pg-1577-5\"  class=\"panel-grid panel-has-style\" ><div style=\"padding: 100px 0; \" data-overlay=\"true\" data-overlay-color=\"#000000\" class=\"panel-row-style panel-row-style-for-1577-5\" ><div id=\"pgc-1577-5-0\"  class=\"panel-grid-cell\" ><div id=\"panel-1577-5-0-0\" class=\"so-panel widget widget_sydney_clients sydney_clients_widget panel-first-child panel-last-child\" data-index=\"6\" ><div style=\"text-align: left;\" data-title-color=\"#443f3f\" data-headings-color=\"#443f3f\" class=\"panel-widget-style panel-widget-style-for-1577-5-0-0\" >\r\n\r\n\t\t\t\t\t\t\t<div class=\"roll-client\">\r\n\t\t\t\t\t\t\t\t\t\t\t\t\t\t\t\t\t\t\t\t<div class=\"client-item\">\r\n\t\t\t\t\t\t\t\t\t\t\t\t\t\t\t<img width=\"230\" height=\"87\" src=\"https:\/\/englischeuebersetzungen.de\/wp-content\/uploads\/2019\/05\/index-1-230x87.png\" class=\"attachment-sydney-small-thumb size-sydney-small-thumb wp-post-image\" alt=\"\" loading=\"lazy\" srcset=\"https:\/\/englischeuebersetzungen.de\/wp-content\/uploads\/2019\/05\/index-1-230x87.png 230w, https:\/\/englischeuebersetzungen.de\/wp-content\/uploads\/2019\/05\/index-1-300x114.png 300w, https:\/\/englischeuebersetzungen.de\/wp-content\/uploads\/2019\/05\/index-1-350x133.png 350w, https:\/\/englischeuebersetzungen.de\/wp-content\/uploads\/2019\/05\/index-1.png 364w\" sizes=\"(max-width: 230px) 100vw, 230px\" \/>\t\t\t\t\t\t\t\t\t\t\t\t\t<\/div>\r\n\t\t\t\t\t\t\t\t\t\t\t\t\t\t\t\t\t\t\t\t\t\t\t\t\t<div class=\"client-item\">\r\n\t\t\t\t\t\t\t\t\t\t\t\t\t\t\t<img width=\"230\" height=\"87\" src=\"https:\/\/englischeuebersetzungen.de\/wp-content\/uploads\/2019\/05\/index-230x87.png\" class=\"attachment-sydney-small-thumb size-sydney-small-thumb wp-post-image\" alt=\"\" loading=\"lazy\" srcset=\"https:\/\/englischeuebersetzungen.de\/wp-content\/uploads\/2019\/05\/index-230x87.png 230w, https:\/\/englischeuebersetzungen.de\/wp-content\/uploads\/2019\/05\/index-300x114.png 300w, https:\/\/englischeuebersetzungen.de\/wp-content\/uploads\/2019\/05\/index-350x133.png 350w, https:\/\/englischeuebersetzungen.de\/wp-content\/uploads\/2019\/05\/index.png 364w\" sizes=\"(max-width: 230px) 100vw, 230px\" \/>\t\t\t\t\t\t\t\t\t\t\t\t\t<\/div>\r\n\t\t\t\t\t\t\t\t\t\t\t\t\t\t\t\t\t\t\t\t\t\t\t\t\t<div class=\"client-item\">\r\n\t\t\t\t\t\t\t\t\t\t\t\t\t\t\t<a target=\"_self\" href=\"https:\/\/www.tcm-kongress.de\"><img width=\"400\" height=\"262\" src=\"https:\/\/englischeuebersetzungen.de\/wp-content\/uploads\/2015\/03\/TCM-Kongress-Rothenburg-2017-e1522142067576.jpg\" class=\"attachment-post-thumbnail size-post-thumbnail wp-post-image\" alt=\"\" loading=\"lazy\" \/><\/a>\r\n\t\t\t\t\t\t\t\t\t\t\t\t\t<\/div>\r\n\t\t\t\t\t\t\t\t\t\t\t\t\t\t\t\t\t\t\t\t\t\t\t\t\t<div class=\"client-item\">\r\n\t\t\t\t\t\t\t\t\t\t\t\t\t\t\t<a target=\"_self\" href=\"https:\/\/www.tcm-kongress.de\"><img width=\"400\" height=\"262\" src=\"https:\/\/englischeuebersetzungen.de\/wp-content\/uploads\/2015\/03\/TCM-Kongress-Rothenburg-2017-e1522142067576.jpg\" class=\"attachment-post-thumbnail size-post-thumbnail wp-post-image\" alt=\"\" loading=\"lazy\" \/><\/a>\r\n\t\t\t\t\t\t\t\t\t\t\t\t\t<\/div>\r\n\t\t\t\t\t\t\t\t\t\t\t\t\t\t\t\t\t\t\t\t\t\t\t\t\t<div class=\"client-item\">\r\n\t\t\t\t\t\t\t\t\t\t\t\t\t\t\t<a target=\"_self\" href=\"https:\/\/www.metrinomics.com\"><img width=\"312\" height=\"90\" src=\"https:\/\/englischeuebersetzungen.de\/wp-content\/uploads\/2018\/04\/3694logo.jpg\" class=\"attachment-post-thumbnail size-post-thumbnail wp-post-image\" alt=\"\" loading=\"lazy\" srcset=\"https:\/\/englischeuebersetzungen.de\/wp-content\/uploads\/2018\/04\/3694logo.jpg 312w, https:\/\/englischeuebersetzungen.de\/wp-content\/uploads\/2018\/04\/3694logo-300x87.jpg 300w, https:\/\/englischeuebersetzungen.de\/wp-content\/uploads\/2018\/04\/3694logo-230x66.jpg 230w\" sizes=\"(max-width: 312px) 100vw, 312px\" \/><\/a>\r\n\t\t\t\t\t\t\t\t\t\t\t\t\t<\/div>\r\n\t\t\t\t\t\t\t\t\t\t\t\t\t\t\t\t\t\t\t\t\t\t\t\t\t<div class=\"client-item\">\r\n\t\t\t\t\t\t\t\t\t\t\t\t\t\t\t<a target=\"_self\" href=\"https:\/\/www.metrinomics.com\"><img width=\"312\" height=\"90\" src=\"https:\/\/englischeuebersetzungen.de\/wp-content\/uploads\/2018\/04\/3694logo.jpg\" class=\"attachment-post-thumbnail size-post-thumbnail wp-post-image\" alt=\"\" loading=\"lazy\" srcset=\"https:\/\/englischeuebersetzungen.de\/wp-content\/uploads\/2018\/04\/3694logo.jpg 312w, https:\/\/englischeuebersetzungen.de\/wp-content\/uploads\/2018\/04\/3694logo-300x87.jpg 300w, https:\/\/englischeuebersetzungen.de\/wp-content\/uploads\/2018\/04\/3694logo-230x66.jpg 230w\" sizes=\"(max-width: 312px) 100vw, 312px\" \/><\/a>\r\n\t\t\t\t\t\t\t\t\t\t\t\t\t<\/div>\r\n\t\t\t\t\t\t\t\t\t\t\t\t\t\t\t\t\t\t\t\t\t\t\t\t\t<div class=\"client-item\">\r\n\t\t\t\t\t\t\t\t\t\t\t\t\t\t\t<a target=\"_self\" href=\"https:\/\/www.agtcm.de\"><img width=\"470\" height=\"200\" src=\"https:\/\/englischeuebersetzungen.de\/wp-content\/uploads\/2015\/03\/agtcm.jpg\" class=\"attachment-post-thumbnail size-post-thumbnail wp-post-image\" alt=\"\" loading=\"lazy\" srcset=\"https:\/\/englischeuebersetzungen.de\/wp-content\/uploads\/2015\/03\/agtcm.jpg 470w, https:\/\/englischeuebersetzungen.de\/wp-content\/uploads\/2015\/03\/agtcm-300x128.jpg 300w, https:\/\/englischeuebersetzungen.de\/wp-content\/uploads\/2015\/03\/agtcm-230x98.jpg 230w, https:\/\/englischeuebersetzungen.de\/wp-content\/uploads\/2015\/03\/agtcm-350x149.jpg 350w\" sizes=\"(max-width: 470px) 100vw, 470px\" \/><\/a>\r\n\t\t\t\t\t\t\t\t\t\t\t\t\t<\/div>\r\n\t\t\t\t\t\t\t\t\t\t\t\t\t\t\t\t\t\t\t\t\t\t\t\t\t<div class=\"client-item\">\r\n\t\t\t\t\t\t\t\t\t\t\t\t\t\t\t<a target=\"_self\" href=\"https:\/\/www.agtcm.de\"><img width=\"470\" height=\"200\" src=\"https:\/\/englischeuebersetzungen.de\/wp-content\/uploads\/2015\/03\/agtcm.jpg\" class=\"attachment-post-thumbnail size-post-thumbnail wp-post-image\" alt=\"\" loading=\"lazy\" srcset=\"https:\/\/englischeuebersetzungen.de\/wp-content\/uploads\/2015\/03\/agtcm.jpg 470w, https:\/\/englischeuebersetzungen.de\/wp-content\/uploads\/2015\/03\/agtcm-300x128.jpg 300w, https:\/\/englischeuebersetzungen.de\/wp-content\/uploads\/2015\/03\/agtcm-230x98.jpg 230w, https:\/\/englischeuebersetzungen.de\/wp-content\/uploads\/2015\/03\/agtcm-350x149.jpg 350w\" sizes=\"(max-width: 470px) 100vw, 470px\" \/><\/a>\r\n\t\t\t\t\t\t\t\t\t\t\t\t\t<\/div>\r\n\t\t\t\t\t\t\t\t\t\t\t\t\t\t\t\t\t\t\t\t\t\t\t\t\t<div class=\"client-item\">\r\n\t\t\t\t\t\t\t\t\t\t\t\t\t\t\t<a target=\"_self\" href=\"https:\/\/www.estos.de\"><img width=\"1140\" height=\"452\" src=\"https:\/\/englischeuebersetzungen.de\/wp-content\/uploads\/2015\/03\/estos-logo-4c.png\" class=\"attachment-post-thumbnail size-post-thumbnail wp-post-image\" alt=\"\" loading=\"lazy\" srcset=\"https:\/\/englischeuebersetzungen.de\/wp-content\/uploads\/2015\/03\/estos-logo-4c.png 1140w, https:\/\/englischeuebersetzungen.de\/wp-content\/uploads\/2015\/03\/estos-logo-4c-300x119.png 300w, https:\/\/englischeuebersetzungen.de\/wp-content\/uploads\/2015\/03\/estos-logo-4c-768x305.png 768w, https:\/\/englischeuebersetzungen.de\/wp-content\/uploads\/2015\/03\/estos-logo-4c-1024x406.png 1024w, https:\/\/englischeuebersetzungen.de\/wp-content\/uploads\/2015\/03\/estos-logo-4c-830x329.png 830w, https:\/\/englischeuebersetzungen.de\/wp-content\/uploads\/2015\/03\/estos-logo-4c-230x91.png 230w, https:\/\/englischeuebersetzungen.de\/wp-content\/uploads\/2015\/03\/estos-logo-4c-350x139.png 350w, https:\/\/englischeuebersetzungen.de\/wp-content\/uploads\/2015\/03\/estos-logo-4c-480x190.png 480w\" sizes=\"(max-width: 1140px) 100vw, 1140px\" \/><\/a>\r\n\t\t\t\t\t\t\t\t\t\t\t\t\t<\/div>\r\n\t\t\t\t\t\t\t\t\t\t\t\t\t\t\t\t\t\t\t\t\t\t\t\t\t<div class=\"client-item\">\r\n\t\t\t\t\t\t\t\t\t\t\t\t\t\t\t<a target=\"_self\" href=\"https:\/\/www.estos.de\"><img width=\"1140\" height=\"452\" src=\"https:\/\/englischeuebersetzungen.de\/wp-content\/uploads\/2015\/03\/estos-logo-4c.png\" class=\"attachment-post-thumbnail size-post-thumbnail wp-post-image\" alt=\"\" loading=\"lazy\" srcset=\"https:\/\/englischeuebersetzungen.de\/wp-content\/uploads\/2015\/03\/estos-logo-4c.png 1140w, https:\/\/englischeuebersetzungen.de\/wp-content\/uploads\/2015\/03\/estos-logo-4c-300x119.png 300w, https:\/\/englischeuebersetzungen.de\/wp-content\/uploads\/2015\/03\/estos-logo-4c-768x305.png 768w, https:\/\/englischeuebersetzungen.de\/wp-content\/uploads\/2015\/03\/estos-logo-4c-1024x406.png 1024w, https:\/\/englischeuebersetzungen.de\/wp-content\/uploads\/2015\/03\/estos-logo-4c-830x329.png 830w, https:\/\/englischeuebersetzungen.de\/wp-content\/uploads\/2015\/03\/estos-logo-4c-230x91.png 230w, https:\/\/englischeuebersetzungen.de\/wp-content\/uploads\/2015\/03\/estos-logo-4c-350x139.png 350w, https:\/\/englischeuebersetzungen.de\/wp-content\/uploads\/2015\/03\/estos-logo-4c-480x190.png 480w\" sizes=\"(max-width: 1140px) 100vw, 1140px\" \/><\/a>\r\n\t\t\t\t\t\t\t\t\t\t\t\t\t<\/div>\r\n\t\t\t\t\t\t\t\t\t\t\t\t\t<\/div>\t\t\r\n\r\n\t\t\t\t\r\n\r\n\r\n\t<\/div><\/div><\/div><\/div><\/div><\/div>","protected":false},"excerpt":{"rendered":"","protected":false},"author":4,"featured_media":359,"parent":0,"menu_order":0,"comment_status":"open","ping_status":"closed","template":"page-templates\/page_front-page.php","meta":[],"_links":{"self":[{"href":"https:\/\/englischeuebersetzungen.de\/index.php?rest_route=\/wp\/v2\/pages\/1577"}],"collection":[{"href":"https:\/\/englischeuebersetzungen.de\/index.php?rest_route=\/wp\/v2\/pages"}],"about":[{"href":"https:\/\/englischeuebersetzungen.de\/index.php?rest_route=\/wp\/v2\/types\/page"}],"author":[{"embeddable":true,"href":"https:\/\/englischeuebersetzungen.de\/index.php?rest_route=\/wp\/v2\/users\/4"}],"replies":[{"embeddable":true,"href":"https:\/\/englischeuebersetzungen.de\/index.php?rest_route=%2Fwp%2Fv2%2Fcomments&post=1577"}],"version-history":[{"count":0,"href":"https:\/\/englischeuebersetzungen.de\/index.php?rest_route=\/wp\/v2\/pages\/1577\/revisions"}],"wp:featuredmedia":[{"embeddable":true,"href":"https:\/\/englischeuebersetzungen.de\/index.php?rest_route=\/wp\/v2\/media\/359"}],"wp:attachment":[{"href":"https:\/\/englischeuebersetzungen.de\/index.php?rest_route=%2Fwp%2Fv2%2Fmedia&parent=1577"}],"curies":[{"name":"wp","href":"https:\/\/api.w.org\/{rel}","templated":true}]}}