{"id":1595,"date":"2018-04-16T10:58:11","date_gmt":"2018-04-16T09:58:11","guid":{"rendered":"https:\/\/englischeuebersetzungen.de\/?page_id=1595"},"modified":"2018-11-02T14:58:39","modified_gmt":"2018-11-02T13:58:39","slug":"ueber-mich","status":"publish","type":"page","link":"https:\/\/englischeuebersetzungen.de\/?page_id=1595","title":{"rendered":"\u00dcber mich"},"content":{"rendered":"<div id=\"pl-1595\"  class=\"panel-layout\" ><div id=\"pg-1595-0\"  class=\"panel-grid panel-has-style\" ><div class=\"siteorigin-panels-stretch panel-row-style panel-row-style-for-1595-0\" style=\"padding: 20px 0; \" data-stretch-type=\"full\" data-overlay=\"true\" data-overlay-color=\"#000000\" ><div id=\"pgc-1595-0-0\"  class=\"panel-grid-cell\" ><div id=\"panel-1595-0-0-0\" class=\"so-panel widget widget_sow-editor panel-first-child panel-last-child\" data-index=\"0\" ><div style=\"text-align: left;\" data-title-color=\"#443f3f\" data-headings-color=\"#443f3f\" class=\"panel-widget-style panel-widget-style-for-1595-0-0-0\" ><div class=\"so-widget-sow-editor so-widget-sow-editor-base\"><h3 class=\"widget-title\">Jon D. Byrne<\/h3>\n<div class=\"siteorigin-widget-tinymce textwidget\">\n\t<p><img loading=\"lazy\" class=\"alignright size-medium wp-image-736\" src=\"https:\/\/englischeuebersetzungen.de\/wp-content\/uploads\/2018\/04\/Photo-of-Jon-231x300.jpg\" alt=\"\" width=\"231\" height=\"300\" srcset=\"https:\/\/englischeuebersetzungen.de\/wp-content\/uploads\/2018\/04\/Photo-of-Jon-231x300.jpg 231w, https:\/\/englischeuebersetzungen.de\/wp-content\/uploads\/2018\/04\/Photo-of-Jon-768x996.jpg 768w, https:\/\/englischeuebersetzungen.de\/wp-content\/uploads\/2018\/04\/Photo-of-Jon-790x1024.jpg 790w, https:\/\/englischeuebersetzungen.de\/wp-content\/uploads\/2018\/04\/Photo-of-Jon-830x1076.jpg 830w, https:\/\/englischeuebersetzungen.de\/wp-content\/uploads\/2018\/04\/Photo-of-Jon-230x298.jpg 230w, https:\/\/englischeuebersetzungen.de\/wp-content\/uploads\/2018\/04\/Photo-of-Jon-350x454.jpg 350w, https:\/\/englischeuebersetzungen.de\/wp-content\/uploads\/2018\/04\/Photo-of-Jon-480x622.jpg 480w, https:\/\/englischeuebersetzungen.de\/wp-content\/uploads\/2018\/04\/Photo-of-Jon.jpg 864w\" sizes=\"(max-width: 231px) 100vw, 231px\" \/><\/p>\n<p>Ich bin freiberuflicher \u00dcbersetzer und Korrekturleser mit \u00fcber 15 Jahren Erfahrung im \u00dcbersetzen von deutschen Texten ins Englische. Spezialisiert bin ich in den Bereichen IT, Marketing\/Verkauf, Geschichte (besonders Milit\u00e4rgeschichte), Tourismus und chinesische Medizin.<\/p>\n<p>Geboren und aufgewachsen bin ich in England und lebe seit 2002 in Deutschland. Ich interessiere mich f\u00fcr kreatives Schreiben und habe bisher 3 Romane geschrieben. Zurzeit arbeite ich an meinem vierten Roman. Au\u00dferdem habe ich einige Fantasy-Kurzgeschichten geschrieben, wovon 2 bereits ver\u00f6ffentlicht wurden. Andere Interessensgebiete sind Reisen, Radfahren und Lesen. Mehrere Jahre habe ich im Ausland verbracht, besonders in Asien. In Indien habe ich auch meine Frau kennengelernt. Wir lebten lange Zeit in Berlin und sind k\u00fcrzlich in die Heimat meiner Frau nach Bayern gezogen.<\/p>\n<p>Meine Lehrerfahrung in Indien mit tibetanischen M\u00f6nchen haben mich dazu bewogen 2005 einen <span class=\"x_hiddenSpellError\">CELTA<\/span> Kurs und der Berlin <span class=\"x_hiddenSpellError\">School<\/span> <span class=\"x_hiddenSpellError\">of<\/span> <span class=\"x_hiddenSpellError\">English<\/span> zu machen, den ich auch erfolgreich abgeschlossen habe. Danach habe ich in der Erwachsenenbildung als Englischlehrer an verschiedenen Sprachschulen in Berlin gearbeitet und auch Einzelunterricht gegeben. Jetzt arbeite ich freiberuflich f\u00fcr mehrere Unternehmen und auch private Kunden, wie z.\u00a0B. <span class=\"x_hiddenSpellError\">Metronomics<\/span> GmbH (Transkriptionen und Korrekturlesen in Englisch) und <span class=\"x_hiddenSpellError\">AGTCM<\/span>\/TCM Rothenburg (\u00dcbersetzungen und Korrekturlesen). Zus\u00e4tzlich arbeite ich als \u00dcbersetzer f\u00fcr das Software-Unternehmen <span class=\"x_hiddenSpellError\">estos<\/span> GmbH in Starnberg.<\/p>\n<p>Seit unserem Umzug aus Berlin wohne ich jetzt in Starnberg in Bayern, das ber\u00fchmt f\u00fcr seinen gro\u00dfen See und atemberaubende Ausblicke auf die Alpen ist, mit meiner Familie.<\/p>\n<p>&nbsp;<\/p>\n<ul>\n<li>University of Cambridge ESOL Examinations - Level 4 Certificate in Teaching English to Speakers of Other Languages (CELTA)<\/li>\n<li>The Publishing Training Centre (PTC) - Basic Proofreading by Distance Learning<\/li>\n<\/ul>\n<\/div>\n<\/div><\/div><\/div><\/div><\/div><\/div><\/div>","protected":false},"excerpt":{"rendered":"<p>Ich bin freiberuflicher \u00dcbersetzer und Korrekturleser mit \u00fcber 15 Jahren Erfahrung im \u00dcbersetzen von deutschen Texten ins Englische. Spezialisiert bin ich in den Bereichen IT, Marketing\/Verkauf, Geschichte (besonders Milit\u00e4rgeschichte), Tourismus und chinesische Medizin. Geboren und aufgewachsen bin ich in England und lebe seit 2002 in Deutschland. Ich interessiere mich f\u00fcr kreatives Schreiben und habe bisher [&hellip;]<\/p>\n","protected":false},"author":4,"featured_media":0,"parent":0,"menu_order":0,"comment_status":"closed","ping_status":"closed","template":"page-templates\/page_fullwidth.php","meta":[],"_links":{"self":[{"href":"https:\/\/englischeuebersetzungen.de\/index.php?rest_route=\/wp\/v2\/pages\/1595"}],"collection":[{"href":"https:\/\/englischeuebersetzungen.de\/index.php?rest_route=\/wp\/v2\/pages"}],"about":[{"href":"https:\/\/englischeuebersetzungen.de\/index.php?rest_route=\/wp\/v2\/types\/page"}],"author":[{"embeddable":true,"href":"https:\/\/englischeuebersetzungen.de\/index.php?rest_route=\/wp\/v2\/users\/4"}],"replies":[{"embeddable":true,"href":"https:\/\/englischeuebersetzungen.de\/index.php?rest_route=%2Fwp%2Fv2%2Fcomments&post=1595"}],"version-history":[{"count":0,"href":"https:\/\/englischeuebersetzungen.de\/index.php?rest_route=\/wp\/v2\/pages\/1595\/revisions"}],"wp:attachment":[{"href":"https:\/\/englischeuebersetzungen.de\/index.php?rest_route=%2Fwp%2Fv2%2Fmedia&parent=1595"}],"curies":[{"name":"wp","href":"https:\/\/api.w.org\/{rel}","templated":true}]}}