{"id":1602,"date":"2018-04-16T13:10:28","date_gmt":"2018-04-16T12:10:28","guid":{"rendered":"https:\/\/englischeuebersetzungen.de\/?page_id=1602"},"modified":"2020-02-05T16:21:21","modified_gmt":"2020-02-05T15:21:21","slug":"kontakt","status":"publish","type":"page","link":"https:\/\/englischeuebersetzungen.de\/?page_id=1602","title":{"rendered":"Kontakt"},"content":{"rendered":"<div id=\"pl-1602\"  class=\"panel-layout\" ><div id=\"pg-1602-0\"  class=\"panel-grid panel-has-style\" ><div class=\"siteorigin-panels-stretch panel-row-style panel-row-style-for-1602-0\" style=\"text-align: center;padding: -20px 0; \" data-stretch-type=\"full\" data-overlay=\"true\" data-overlay-color=\"#000000\" ><div id=\"pgc-1602-0-0\"  class=\"panel-grid-cell panel-grid-cell-mobile-last\" ><div id=\"panel-1602-0-0-0\" class=\"so-panel widget widget_sydney_contact_info sydney_contact_info_widget panel-first-child\" data-index=\"0\" ><div style=\"text-align: left;\" data-title-color=\"#443f3f\" data-headings-color=\"#443f3f\" class=\"panel-widget-style panel-widget-style-for-1602-0-0-0\" ><h3 class=\"widget-title\">Jon Byrne<\/h3><div class=\"contact-address\"><span><i class=\"fa fa-home\"><\/i><\/span>Hanfelderstr. 15, 82319 Starnberg, Deutschland<\/div><div class=\"contact-phone\"><span><i class=\"fa fa-phone\"><\/i><\/span>+49 (0) 17622311132 \/ +49 (0) 8151 9503376<\/div><div class=\"contact-email\"><span><i class=\"fa fa-envelope\"><\/i><\/span><a href=\"mailto:&#106;db&#64;&#101;nglis&#99;he&#117;&#101;&#98;&#101;rs&#101;t&#122;u&#110;g&#101;&#110;&#46;de\">&#106;db&#64;&#101;nglis&#99;he&#117;&#101;&#98;&#101;rs&#101;t&#122;u&#110;g&#101;&#110;&#46;de<\/a><\/div><\/div><\/div><div id=\"panel-1602-0-0-1\" class=\"so-panel widget widget_sow-editor panel-last-child\" data-index=\"1\" ><div style=\"text-align: left;\" data-title-color=\"#443f3f\" data-headings-color=\"#443f3f\" class=\"panel-widget-style panel-widget-style-for-1602-0-0-1\" ><div class=\"so-widget-sow-editor so-widget-sow-editor-base\">\n<div class=\"siteorigin-widget-tinymce textwidget\">\n\t<\/div>\n<\/div><\/div><\/div><\/div><div id=\"pgc-1602-0-1\"  class=\"panel-grid-cell panel-grid-cell-empty\" ><\/div><\/div><\/div><div id=\"pg-1602-1\"  class=\"panel-grid panel-has-style\" ><div class=\"siteorigin-panels-stretch panel-row-style panel-row-style-for-1602-1\" style=\"padding: 0px 0; \" data-stretch-type=\"full\" data-overlay=\"true\" data-overlay-color=\"#000000\" ><div id=\"pgc-1602-1-0\"  class=\"panel-grid-cell\" ><div id=\"panel-1602-1-0-0\" class=\"so-panel widget widget_sow-editor panel-first-child panel-last-child\" data-index=\"2\" ><div style=\"text-align: left;\" data-title-color=\"#443f3f\" data-headings-color=\"#443f3f\" class=\"panel-widget-style panel-widget-style-for-1602-1-0-0\" ><div class=\"so-widget-sow-editor so-widget-sow-editor-base\">\n<div class=\"siteorigin-widget-tinymce textwidget\">\n\t<p>Bitte beachten Sie, dass es mir nicht m\u00f6glich ist, telefonisch ein Angebot abzugeben oder abzusch\u00e4tzen, wie lange die Arbeit dauern wird, ohne zuerst den zu \u00fcbersetzenden Text zu sehen. Bitte nutzen Sie deshalb das Kontaktformular oder kontaktieren Sie mich per E-Mail. Sie k\u00f6nnen mich nat\u00fcrlich jederzeit direkt telefonisch kontaktieren und nachdem der zu \u00fcbersetzende Text (oder das Audioformat) gesendet wurde, k\u00f6nnen wir das Projekt telefonisch besprechen, unter Ber\u00fccksichtigung eventueller besonderer Umst\u00e4nde oder Fristen.<\/p>\n<p>Sobald ich eine E-Mail oder Nachricht erhalten habe, werde ich mich bem\u00fchen, so schnell wie m\u00f6glich zu antworten. Ich freue mich darauf, von Ihnen zu h\u00f6ren.<\/p>\n<p>&nbsp;<\/p>\n<p>&nbsp;<\/p>\n<\/div>\n<\/div><\/div><\/div><\/div><\/div><\/div><\/div>","protected":false},"excerpt":{"rendered":"<p>Bitte beachten Sie, dass es mir nicht m\u00f6glich ist, telefonisch ein Angebot abzugeben oder abzusch\u00e4tzen, wie lange die Arbeit dauern wird, ohne zuerst den zu \u00fcbersetzenden Text zu sehen. Bitte nutzen Sie deshalb das Kontaktformular oder kontaktieren Sie mich per E-Mail. Sie k\u00f6nnen mich nat\u00fcrlich jederzeit direkt telefonisch kontaktieren und nachdem der zu \u00fcbersetzende Text [&hellip;]<\/p>\n","protected":false},"author":4,"featured_media":0,"parent":0,"menu_order":0,"comment_status":"closed","ping_status":"closed","template":"page-templates\/page_fullwidth.php","meta":[],"_links":{"self":[{"href":"https:\/\/englischeuebersetzungen.de\/index.php?rest_route=\/wp\/v2\/pages\/1602"}],"collection":[{"href":"https:\/\/englischeuebersetzungen.de\/index.php?rest_route=\/wp\/v2\/pages"}],"about":[{"href":"https:\/\/englischeuebersetzungen.de\/index.php?rest_route=\/wp\/v2\/types\/page"}],"author":[{"embeddable":true,"href":"https:\/\/englischeuebersetzungen.de\/index.php?rest_route=\/wp\/v2\/users\/4"}],"replies":[{"embeddable":true,"href":"https:\/\/englischeuebersetzungen.de\/index.php?rest_route=%2Fwp%2Fv2%2Fcomments&post=1602"}],"version-history":[{"count":2,"href":"https:\/\/englischeuebersetzungen.de\/index.php?rest_route=\/wp\/v2\/pages\/1602\/revisions"}],"predecessor-version":[{"id":2323,"href":"https:\/\/englischeuebersetzungen.de\/index.php?rest_route=\/wp\/v2\/pages\/1602\/revisions\/2323"}],"wp:attachment":[{"href":"https:\/\/englischeuebersetzungen.de\/index.php?rest_route=%2Fwp%2Fv2%2Fmedia&parent=1602"}],"curies":[{"name":"wp","href":"https:\/\/api.w.org\/{rel}","templated":true}]}}