{"id":1609,"date":"2018-04-19T11:06:56","date_gmt":"2018-04-19T10:06:56","guid":{"rendered":"https:\/\/englischeuebersetzungen.de\/?page_id=1609"},"modified":"2018-06-14T14:40:08","modified_gmt":"2018-06-14T13:40:08","slug":"leistungen","status":"publish","type":"page","link":"https:\/\/englischeuebersetzungen.de\/?page_id=1609","title":{"rendered":"Leistungen"},"content":{"rendered":"<div id=\"pl-1609\"  class=\"panel-layout\" ><div id=\"pg-1609-0\"  class=\"panel-grid panel-has-style\" ><div class=\"siteorigin-panels-stretch panel-row-style panel-row-style-for-1609-0\" style=\"padding: 0px 0; \" data-stretch-type=\"full\" data-overlay=\"true\" data-overlay-color=\"#000000\" ><div id=\"pgc-1609-0-0\"  class=\"panel-grid-cell\" ><div id=\"panel-1609-0-0-0\" class=\"so-panel widget widget_sydney_services_type_b sydney_services_b_widget panel-first-child panel-last-child\" data-index=\"0\" ><div style=\"text-align: left;\" data-title-color=\"#443f3f\" data-headings-color=\"#443f3f\" class=\"panel-widget-style panel-widget-style-for-1609-0-0-0\" >\t\t\t\r\n\t\t\t\t<div class=\"roll-icon-list\">\r\n\t\t\t\t\t\t\t\t\t\t\t\t\t\t\t\t\t\t\t\t\t\t\t<div class=\"service clearfix \">\r\n\t\t\t\t\t\t\t<div class=\"list-item clearfix\">\r\n\t\t\t\t\t\t\t\t\t\t\t\r\n\t\t\t\t\t\t\t\t\t<div class=\"icon\">\r\n\t\t\t\t\t\t\t\t\t\t\t\t\t\t\t\t\t\t\t\t\t<i class=\"fa fa-microphone\"><\/i>\t\t\t\t\t\t\t\t\t\t\t\t\t\t\t\t\t\t\t<\/div>\r\n\t\t\t\t\t\t\t\t\t\t\t\t\t\t\t\t<div class=\"content\">\r\n\t\t\t\t\t\t\t\t\t<h3>\r\n\t\t\t\t\t\t\t\t\t\t\t\t\t\t\t\t\t\t\t\t\tTranskriptionen\t\t\t\t\t\t\t\t\t\t\t\t\t\t\t\t\t\t\t<\/h3>\r\n\t\t\t\t\t\t\t\t\t\t\t\t\t\t\t\t\t\r\n\t\t\t\t\t\t\t\t\t\t<p><span style=\"font-size: medium;\"><span lang=\"da-DK\">Um eine Abschrift zu erstellen sind Genauigkeit und die F\u00e4higkeit kritisch zu denken sehr wichtig. Ich bin sehr erfahren in der wortw\u00f6rtlichen Abschrift genauso wie in einer der Situation angepassten Version. Ich verf\u00fcge \u00fcber viel Erfahrung in der Abschrift von <strong>englischen<\/strong> Interviews, Unterhaltungen, Kommentaren, im gesch\u00e4ftlichen Zusammenhang, der Medienindustrie und der Unterhaltungsbranche. Abschriften werden von mir mithilfe einer speziellen Software erstellt und ich kann somit einen schnellen und zuverl\u00e4ssigen Service garantieren. Selbstverst\u00e4ndlich werden alle Abschriften nach Abschluss sorgf\u00e4ltig gepr\u00fcft, um jegliche Fehler auszuschlie\u00dfen.<\/span><\/span><\/p>\n\t\t\t\t\t\t\t\t\t\t\t\t\t\t\t\t\t<\/div><!--.info-->\t\r\n\t\t\t\t\t\t\t<\/div>\r\n\t\t\t\t\t\t<\/div>\r\n\t\t\t\t\t\t\t\t\t\t\t\t\t\t\t\t\t\t\t\t\t\t\t<div class=\"service clearfix \">\r\n\t\t\t\t\t\t\t<div class=\"list-item clearfix\">\r\n\t\t\t\t\t\t\t\t\t\t\t\r\n\t\t\t\t\t\t\t\t\t<div class=\"icon\">\r\n\t\t\t\t\t\t\t\t\t\t\t\t\t\t\t\t\t\t\t\t\t<i class=\"fa fa-check-square-o\"><\/i>\t\t\t\t\t\t\t\t\t\t\t\t\t\t\t\t\t\t\t<\/div>\r\n\t\t\t\t\t\t\t\t\t\t\t\t\t\t\t\t<div class=\"content\">\r\n\t\t\t\t\t\t\t\t\t<h3>\r\n\t\t\t\t\t\t\t\t\t\t\t\t\t\t\t\t\t\t\t\t\tKorrekturlesen und Editieren\t\t\t\t\t\t\t\t\t\t\t\t\t\t\t\t\t\t\t<\/h3>\r\n\t\t\t\t\t\t\t\t\t\t\t\t\t\t\t\t\t\r\n\t\t\t\t\t\t\t\t\t\t<p><span style=\"font-size: medium;\"><span lang=\"da-DK\">Es ist einfach einen Fehler in einem Text zu machen, besonders wenn er in einer anderen Sprache verfasst wird. Die Fehler reichen von Tippfehlern bis hin zu Rechtschreib- und Grammatikfehlern. Ich habe weitreichende Erfahrungen im Korrekturlesen und Editieren von <strong>englischen Texten<\/strong> und kann Ihren Text sorgf\u00e4ltig durchk\u00e4mmen um eventuelle Fehler im Ausdruck, der Zeichensetzung oder ernsthaftere stilistische Fehler zu finden und zu beheben. Detailtreue und Kontinuit\u00e4t sind ebenso wichtig und manchmal ist ein frisches Paar Augen n\u00f6tig, um zu pr\u00fcfen, was bereits geschrieben wurde. Zus\u00e4tzlich zu meiner langj\u00e4hrigen Erfahrung habe ich ein Zertifikat im Korrekturlesen und Editieren vom PTC (Publishing Training Centre London) und besitze ein au\u00dferordentliches Sprachverst\u00e4ndnis der englischen Sprache<\/span><\/span>.<\/p>\n\t\t\t\t\t\t\t\t\t\t\t\t\t\t\t\t\t<\/div><!--.info-->\t\r\n\t\t\t\t\t\t\t<\/div>\r\n\t\t\t\t\t\t<\/div>\r\n\t\t\t\t\t\t\t\t\t\t\t\t\t\t\t\t\t\t\t\t\t\t\t<div class=\"service clearfix \">\r\n\t\t\t\t\t\t\t<div class=\"list-item clearfix\">\r\n\t\t\t\t\t\t\t\t\t\t\t\r\n\t\t\t\t\t\t\t\t\t<div class=\"icon\">\r\n\t\t\t\t\t\t\t\t\t\t\t\t\t\t\t\t\t\t\t\t\t<i class=\"fa fa-comments-o\"><\/i>\t\t\t\t\t\t\t\t\t\t\t\t\t\t\t\t\t\t\t<\/div>\r\n\t\t\t\t\t\t\t\t\t\t\t\t\t\t\t\t<div class=\"content\">\r\n\t\t\t\t\t\t\t\t\t<h3>\r\n\t\t\t\t\t\t\t\t\t\t\t\t\t\t\t\t\t\t\t\t\t\u00dcbersetzungen\t\t\t\t\t\t\t\t\t\t\t\t\t\t\t\t\t\t\t<\/h3>\r\n\t\t\t\t\t\t\t\t\t\t\t\t\t\t\t\t\t\r\n\t\t\t\t\t\t\t\t\t\t<p><span style=\"font-size: medium;\"><span lang=\"da-DK\">Wenn Sie einen \u00dcbersetzer suchen der viele Jahre Erfahrung im \u00dcbersetzen von Texten, Pr\u00e4sentationen, Videos, Sprachaufzeichnungen und Webseiten vom <strong>Deutschen ins Englische<\/strong> hat, dann sind Sie hier richtig. Ich bin\u00a0 spezialisiert in den Bereichen IT, Computer-Software, Marketing und Verkauf, Geschichte (besonders europ\u00e4ische Milit\u00e4rgeschichte), Tourismus und chinesische Medizin.<\/span><\/span><\/p>\n<p><span style=\"font-size: medium;\"><span lang=\"da-DK\">Alle Texte oder andere Formate werden nach Abschluss der \u00dcbersetzung eingehend gepr\u00fcft um meinerseits eine fehlerfreie und akkurate Arbeit abzuliefern. Selbstverst\u00e4ndlich erhalten Sie einen schnellen Service, der innerhalb der abgesprochenen Deadline liegt.<\/span><\/span><\/p>\n\t\t\t\t\t\t\t\t\t\t\t\t\t\t\t\t\t<\/div><!--.info-->\t\r\n\t\t\t\t\t\t\t<\/div>\r\n\t\t\t\t\t\t<\/div>\r\n\t\t\t\t\t\t\t\t\t<\/div>\t\r\n\r\n\t\t\t\t\t\t\t\t\r\n\t<\/div><\/div><\/div><div id=\"pgc-1609-0-1\"  class=\"panel-grid-cell\" ><div id=\"panel-1609-0-1-0\" class=\"so-panel widget widget_sow-editor panel-first-child\" data-index=\"1\" ><div style=\"text-align: left;\" data-title-color=\"#443f3f\" data-headings-color=\"#443f3f\" class=\"panel-widget-style panel-widget-style-for-1609-0-1-0\" ><div class=\"so-widget-sow-editor so-widget-sow-editor-base\">\n<div class=\"siteorigin-widget-tinymce textwidget\">\n\t<p><img loading=\"lazy\" class=\"alignright size-full wp-image-1084\" src=\"https:\/\/englischeuebersetzungen.de\/wp-content\/uploads\/2018\/04\/notebook-2386034_1920.jpg\" alt=\"\" width=\"1920\" height=\"1280\" srcset=\"https:\/\/englischeuebersetzungen.de\/wp-content\/uploads\/2018\/04\/notebook-2386034_1920.jpg 1920w, https:\/\/englischeuebersetzungen.de\/wp-content\/uploads\/2018\/04\/notebook-2386034_1920-300x200.jpg 300w, https:\/\/englischeuebersetzungen.de\/wp-content\/uploads\/2018\/04\/notebook-2386034_1920-768x512.jpg 768w, https:\/\/englischeuebersetzungen.de\/wp-content\/uploads\/2018\/04\/notebook-2386034_1920-1024x683.jpg 1024w, https:\/\/englischeuebersetzungen.de\/wp-content\/uploads\/2018\/04\/notebook-2386034_1920-830x553.jpg 830w, https:\/\/englischeuebersetzungen.de\/wp-content\/uploads\/2018\/04\/notebook-2386034_1920-230x153.jpg 230w, https:\/\/englischeuebersetzungen.de\/wp-content\/uploads\/2018\/04\/notebook-2386034_1920-350x233.jpg 350w, https:\/\/englischeuebersetzungen.de\/wp-content\/uploads\/2018\/04\/notebook-2386034_1920-480x320.jpg 480w, https:\/\/englischeuebersetzungen.de\/wp-content\/uploads\/2018\/04\/notebook-2386034_1920-272x182.jpg 272w\" sizes=\"(max-width: 1920px) 100vw, 1920px\" \/><\/p>\n<\/div>\n<\/div><\/div><\/div><div id=\"panel-1609-0-1-1\" class=\"so-panel widget widget_sow-editor\" data-index=\"2\" ><div style=\"text-align: left;\" data-title-color=\"#443f3f\" data-headings-color=\"#443f3f\" class=\"panel-widget-style panel-widget-style-for-1609-0-1-1\" ><div class=\"so-widget-sow-editor so-widget-sow-editor-base\">\n<div class=\"siteorigin-widget-tinymce textwidget\">\n\t<p><img loading=\"lazy\" src=\"https:\/\/englischeuebersetzungen.de\/wp-content\/uploads\/2018\/04\/dariusz-sankowski-46479-unsplash.jpg\" alt=\"\" width=\"4548\" height=\"3411\" class=\"alignright size-full wp-image-1223\" srcset=\"https:\/\/englischeuebersetzungen.de\/wp-content\/uploads\/2018\/04\/dariusz-sankowski-46479-unsplash.jpg 4548w, https:\/\/englischeuebersetzungen.de\/wp-content\/uploads\/2018\/04\/dariusz-sankowski-46479-unsplash-300x225.jpg 300w, https:\/\/englischeuebersetzungen.de\/wp-content\/uploads\/2018\/04\/dariusz-sankowski-46479-unsplash-768x576.jpg 768w, https:\/\/englischeuebersetzungen.de\/wp-content\/uploads\/2018\/04\/dariusz-sankowski-46479-unsplash-1024x768.jpg 1024w, https:\/\/englischeuebersetzungen.de\/wp-content\/uploads\/2018\/04\/dariusz-sankowski-46479-unsplash-830x623.jpg 830w, https:\/\/englischeuebersetzungen.de\/wp-content\/uploads\/2018\/04\/dariusz-sankowski-46479-unsplash-230x173.jpg 230w, https:\/\/englischeuebersetzungen.de\/wp-content\/uploads\/2018\/04\/dariusz-sankowski-46479-unsplash-350x263.jpg 350w, https:\/\/englischeuebersetzungen.de\/wp-content\/uploads\/2018\/04\/dariusz-sankowski-46479-unsplash-480x360.jpg 480w\" sizes=\"(max-width: 4548px) 100vw, 4548px\" \/><\/p>\n<\/div>\n<\/div><\/div><\/div><div id=\"panel-1609-0-1-2\" class=\"so-panel widget widget_sow-editor panel-last-child\" data-index=\"3\" ><div style=\"text-align: left;\" data-title-color=\"#443f3f\" data-headings-color=\"#443f3f\" class=\"panel-widget-style panel-widget-style-for-1609-0-1-2\" ><div class=\"so-widget-sow-editor so-widget-sow-editor-base\">\n<div class=\"siteorigin-widget-tinymce textwidget\">\n\t<p><img loading=\"lazy\" class=\"alignright size-large wp-image-1256\" src=\"https:\/\/englischeuebersetzungen.de\/wp-content\/uploads\/2018\/04\/chris-leggat-42107-unsplash-1024x683.jpg\" alt=\"\" width=\"1024\" height=\"683\" srcset=\"https:\/\/englischeuebersetzungen.de\/wp-content\/uploads\/2018\/04\/chris-leggat-42107-unsplash-1024x683.jpg 1024w, https:\/\/englischeuebersetzungen.de\/wp-content\/uploads\/2018\/04\/chris-leggat-42107-unsplash-300x200.jpg 300w, https:\/\/englischeuebersetzungen.de\/wp-content\/uploads\/2018\/04\/chris-leggat-42107-unsplash-768x512.jpg 768w, https:\/\/englischeuebersetzungen.de\/wp-content\/uploads\/2018\/04\/chris-leggat-42107-unsplash-830x553.jpg 830w, https:\/\/englischeuebersetzungen.de\/wp-content\/uploads\/2018\/04\/chris-leggat-42107-unsplash-230x153.jpg 230w, https:\/\/englischeuebersetzungen.de\/wp-content\/uploads\/2018\/04\/chris-leggat-42107-unsplash-350x233.jpg 350w, https:\/\/englischeuebersetzungen.de\/wp-content\/uploads\/2018\/04\/chris-leggat-42107-unsplash-480x320.jpg 480w, https:\/\/englischeuebersetzungen.de\/wp-content\/uploads\/2018\/04\/chris-leggat-42107-unsplash-272x182.jpg 272w\" sizes=\"(max-width: 1024px) 100vw, 1024px\" \/><\/p>\n<\/div>\n<\/div><\/div><\/div><\/div><\/div><\/div><\/div>","protected":false},"excerpt":{"rendered":"","protected":false},"author":4,"featured_media":0,"parent":0,"menu_order":0,"comment_status":"closed","ping_status":"closed","template":"page-templates\/page_fullwidth.php","meta":[],"_links":{"self":[{"href":"https:\/\/englischeuebersetzungen.de\/index.php?rest_route=\/wp\/v2\/pages\/1609"}],"collection":[{"href":"https:\/\/englischeuebersetzungen.de\/index.php?rest_route=\/wp\/v2\/pages"}],"about":[{"href":"https:\/\/englischeuebersetzungen.de\/index.php?rest_route=\/wp\/v2\/types\/page"}],"author":[{"embeddable":true,"href":"https:\/\/englischeuebersetzungen.de\/index.php?rest_route=\/wp\/v2\/users\/4"}],"replies":[{"embeddable":true,"href":"https:\/\/englischeuebersetzungen.de\/index.php?rest_route=%2Fwp%2Fv2%2Fcomments&post=1609"}],"version-history":[{"count":0,"href":"https:\/\/englischeuebersetzungen.de\/index.php?rest_route=\/wp\/v2\/pages\/1609\/revisions"}],"wp:attachment":[{"href":"https:\/\/englischeuebersetzungen.de\/index.php?rest_route=%2Fwp%2Fv2%2Fmedia&parent=1609"}],"curies":[{"name":"wp","href":"https:\/\/api.w.org\/{rel}","templated":true}]}}